{"id":9,"date":"2021-09-10T12:59:59","date_gmt":"2021-09-10T12:59:59","guid":{"rendered":"https:\/\/luthier-boisson.fr\/?page_id=9"},"modified":"2024-11-02T13:44:06","modified_gmt":"2024-11-02T13:44:06","slug":"parcours","status":"publish","type":"page","link":"https:\/\/luthier-boisson.fr\/en\/parcours","title":{"rendered":"About"},"content":{"rendered":"<div data-elementor-type=\"wp-page\" data-elementor-id=\"9\" class=\"elementor elementor-9\">\n\t\t\t\t\t\t<section class=\"elementor-section elementor-top-section elementor-element elementor-element-af8688d elementor-section-boxed elementor-section-height-default elementor-section-height-default\" data-id=\"af8688d\" data-element_type=\"section\">\n\t\t\t\t\t\t<div class=\"elementor-container elementor-column-gap-default\">\n\t\t\t\t\t<div class=\"elementor-column elementor-col-100 elementor-top-column elementor-element elementor-element-2fe674e\" data-id=\"2fe674e\" data-element_type=\"column\">\n\t\t\t<div class=\"elementor-widget-wrap elementor-element-populated\">\n\t\t\t\t\t\t<section class=\"elementor-section elementor-inner-section elementor-element elementor-element-d8b8d07 elementor-section-boxed elementor-section-height-default elementor-section-height-default\" data-id=\"d8b8d07\" data-element_type=\"section\">\n\t\t\t\t\t\t<div class=\"elementor-container elementor-column-gap-default\">\n\t\t\t\t\t<div class=\"elementor-column elementor-col-100 elementor-inner-column elementor-element elementor-element-1b57461\" data-id=\"1b57461\" data-element_type=\"column\">\n\t\t\t<div class=\"elementor-widget-wrap elementor-element-populated\">\n\t\t\t\t\t\t<div class=\"elementor-element elementor-element-cff3301 elementor-widget elementor-widget-heading\" data-id=\"cff3301\" data-element_type=\"widget\" data-widget_type=\"heading.default\">\n\t\t\t\t<div class=\"elementor-widget-container\">\n\t\t\t\t\t<h2 class=\"elementor-heading-title elementor-size-default\">About<\/h2>\t\t\t\t<\/div>\n\t\t\t\t<\/div>\n\t\t\t\t<div class=\"elementor-element elementor-element-26b86c8 elementor-widget elementor-widget-image\" data-id=\"26b86c8\" data-element_type=\"widget\" data-widget_type=\"image.default\">\n\t\t\t\t<div class=\"elementor-widget-container\">\n\t\t\t\t\t\t\t\t\t\t\t\t\t\t\t<img fetchpriority=\"high\" decoding=\"async\" width=\"823\" height=\"1024\" src=\"https:\/\/luthier-boisson.fr\/wp-content\/uploads\/2024\/10\/Portraitnb-823x1024.jpg\" class=\"attachment-large size-large wp-image-419\" alt=\"\" srcset=\"https:\/\/luthier-boisson.fr\/wp-content\/uploads\/2024\/10\/Portraitnb-823x1024.jpg 823w, https:\/\/luthier-boisson.fr\/wp-content\/uploads\/2024\/10\/Portraitnb-241x300.jpg 241w, https:\/\/luthier-boisson.fr\/wp-content\/uploads\/2024\/10\/Portraitnb-768x955.jpg 768w, https:\/\/luthier-boisson.fr\/wp-content\/uploads\/2024\/10\/Portraitnb-1235x1536.jpg 1235w, https:\/\/luthier-boisson.fr\/wp-content\/uploads\/2024\/10\/Portraitnb-1646x2048.jpg 1646w, https:\/\/luthier-boisson.fr\/wp-content\/uploads\/2024\/10\/Portraitnb.jpg 2032w\" sizes=\"(max-width: 823px) 100vw, 823px\" \/>\t\t\t\t\t\t\t\t\t\t\t\t\t\t\t<\/div>\n\t\t\t\t<\/div>\n\t\t\t\t<div class=\"elementor-element elementor-element-a96eaef elementor-widget elementor-widget-text-editor\" data-id=\"a96eaef\" data-element_type=\"widget\" data-widget_type=\"text-editor.default\">\n\t\t\t\t<div class=\"elementor-widget-container\">\n\t\t\t\t\t\t\t\t\t<p>Louise grew up near Frankfurt, Germany. Showing an early interest in music and the visual arts, she spent a lot of time drawing, singing and studying the piano. At 16, she fell in love with the cello. Alongside her cello lessons, she uses any excuse to visit violin-making workshops, which fascinate her. After two courses, she was sure she had found her vocation.<\/p>\n<p>After obtaining her Abitur (A-levels), she went to France to study at the \u00c9cole Nationale de Lutherie de Mirecourt. After three years of study, she was awarded the Dipl\u00f4me des M\u00e9tiers d'Art with the congratulations of the jury.<\/p>\n<p>For the next six years, Louise worked alongside renowned luthiers, first in Paris with Bernard Sabatier and Patrick Charton, then in Toulouse with Fabien Peyruc. There, she learned to listen to, analyze, restore and make sound adjustments to the quartet's instruments.<\/p>\n<p>In 2019, Louise will set up her own business making cellos, violins and violas. She wanted to focus particularly on cello design. So she turned to Frank Ravatin, who welcomed her into his workshop. She made a cello under his guidance, benefiting from his advice and experience. In 2020, she took part in a training course on violin varnishes with the painter and restorer Fran\u00e7ois P\u00e9r\u00e9go. There she acquired the chemical knowledge she needed to make her own varnishes.&nbsp;<\/p>\n<p>Louise is constantly seeking to deepen her knowledge. She is a member of the ALADFI and regularly takes part in lutherie conferences and advanced training courses.<\/p>\n<p class=\" translation-block\">Her work is nourished by the study of the instruments of the Cremonese and Venetian masters of the 17th and 18th centuries. She reinterprets their works rather than copying them. Her instruments are exhibited at national and international events such as the Salon du Violon in Paris, Ekho in Brussels and the Cello Bi\u00ebnnale in Amsterdam.<\/p>\n<p><!-- \/wp:paragraph --><!-- wp:paragraph --><\/p>\n<p><!-- \/wp:paragraph --><!-- wp:paragraph --><\/p>\n<p><!-- \/wp:paragraph --><!-- wp:paragraph --><\/p>\t\t\t\t\t\t\t\t<\/div>\n\t\t\t\t<\/div>\n\t\t\t\t\t<\/div>\n\t\t<\/div>\n\t\t\t\t\t<\/div>\n\t\t<\/section>\n\t\t\t\t\t<\/div>\n\t\t<\/div>\n\t\t\t\t\t<\/div>\n\t\t<\/section>\n\t\t\t\t<\/div>","protected":false},"excerpt":{"rendered":"<p>Parcours Louise grandit pr\u00e8s de Francfort, en Allemagne. Elle s\u2019int\u00e9resse t\u00f4t \u00e0 la musique et les arts plastiques&nbsp;: elle dessine beaucoup, chante, \u00e9tudie le piano. A 16 ans, c\u2019est le coup de foudre pour le violoncelle. En parall\u00e8le de ses cours de violoncelle, elle se fascine pour l&rsquo;univers des ateliers de lutherie. Apr\u00e8s plusieurs stages,&hellip;&nbsp;<a href=\"https:\/\/luthier-boisson.fr\/en\/parcours\" class=\"\" rel=\"bookmark\">Read More &raquo;<span class=\"screen-reader-text\">About<\/span><\/a><\/p>","protected":false},"author":1,"featured_media":0,"parent":0,"menu_order":0,"comment_status":"closed","ping_status":"closed","template":"elementor_header_footer","meta":{"neve_meta_sidebar":"","neve_meta_container":"","neve_meta_enable_content_width":"","neve_meta_content_width":0,"neve_meta_title_alignment":"","neve_meta_author_avatar":"","neve_post_elements_order":"","neve_meta_disable_header":"","neve_meta_disable_footer":"","neve_meta_disable_title":"","footnotes":""},"class_list":["post-9","page","type-page","status-publish","hentry"],"_links":{"self":[{"href":"https:\/\/luthier-boisson.fr\/en\/wp-json\/wp\/v2\/pages\/9","targetHints":{"allow":["GET"]}}],"collection":[{"href":"https:\/\/luthier-boisson.fr\/en\/wp-json\/wp\/v2\/pages"}],"about":[{"href":"https:\/\/luthier-boisson.fr\/en\/wp-json\/wp\/v2\/types\/page"}],"author":[{"embeddable":true,"href":"https:\/\/luthier-boisson.fr\/en\/wp-json\/wp\/v2\/users\/1"}],"replies":[{"embeddable":true,"href":"https:\/\/luthier-boisson.fr\/en\/wp-json\/wp\/v2\/comments?post=9"}],"version-history":[{"count":50,"href":"https:\/\/luthier-boisson.fr\/en\/wp-json\/wp\/v2\/pages\/9\/revisions"}],"predecessor-version":[{"id":619,"href":"https:\/\/luthier-boisson.fr\/en\/wp-json\/wp\/v2\/pages\/9\/revisions\/619"}],"wp:attachment":[{"href":"https:\/\/luthier-boisson.fr\/en\/wp-json\/wp\/v2\/media?parent=9"}],"curies":[{"name":"wp","href":"https:\/\/api.w.org\/{rel}","templated":true}]}}