{"id":21,"date":"2021-09-10T13:06:24","date_gmt":"2021-09-10T13:06:24","guid":{"rendered":"https:\/\/luthier-boisson.fr\/?page_id=21"},"modified":"2024-10-30T14:55:48","modified_gmt":"2024-10-30T14:55:48","slug":"restauration","status":"publish","type":"page","link":"https:\/\/luthier-boisson.fr\/en\/restauration","title":{"rendered":"Contact"},"content":{"rendered":"<div data-elementor-type=\"wp-page\" data-elementor-id=\"21\" class=\"elementor elementor-21\">\n\t\t\t\t\t\t<section class=\"elementor-section elementor-top-section elementor-element elementor-element-ce010f1 elementor-section-height-full elementor-section-boxed elementor-section-height-default elementor-section-items-middle\" data-id=\"ce010f1\" data-element_type=\"section\" data-settings=\"{&quot;background_background&quot;:&quot;classic&quot;}\">\n\t\t\t\t\t\t<div class=\"elementor-container elementor-column-gap-default\">\n\t\t\t\t\t<div class=\"elementor-column elementor-col-100 elementor-top-column elementor-element elementor-element-abd4f41\" data-id=\"abd4f41\" data-element_type=\"column\">\n\t\t\t<div class=\"elementor-widget-wrap elementor-element-populated\">\n\t\t\t\t\t\t<section class=\"elementor-section elementor-inner-section elementor-element elementor-element-63abe48 elementor-section-height-min-height elementor-section-boxed elementor-section-height-default\" data-id=\"63abe48\" data-element_type=\"section\" data-settings=\"{&quot;background_background&quot;:&quot;classic&quot;}\">\n\t\t\t\t\t\t<div class=\"elementor-container elementor-column-gap-default\">\n\t\t\t\t\t<div class=\"elementor-column elementor-col-100 elementor-inner-column elementor-element elementor-element-2da1058\" data-id=\"2da1058\" data-element_type=\"column\">\n\t\t\t<div class=\"elementor-widget-wrap elementor-element-populated\">\n\t\t\t\t\t\t<div class=\"elementor-element elementor-element-81ba339 elementor-widget elementor-widget-heading\" data-id=\"81ba339\" data-element_type=\"widget\" data-widget_type=\"heading.default\">\n\t\t\t\t<div class=\"elementor-widget-container\">\n\t\t\t\t\t<h2 class=\"elementor-heading-title elementor-size-default\">Contact<\/h2>\t\t\t\t<\/div>\n\t\t\t\t<\/div>\n\t\t\t\t<div class=\"elementor-element elementor-element-53f720d5 elementor-widget elementor-widget-text-editor\" data-id=\"53f720d5\" data-element_type=\"widget\" data-widget_type=\"text-editor.default\">\n\t\t\t\t<div class=\"elementor-widget-container\">\n\t\t\t\t\t\t\t\t\t<p><\/p>\n<div>I welcome you by appointment Monday to Friday, 9 to 12 and 2 to 6pm, in my workshop in Lagu\u00e9pie.<\/div>\n<div>&nbsp;<\/div>\n<div>Adress: 11 rue de la Libert\u00e9, 82250 Lagu\u00e9pie, France<br>Phone: +33 7 83 07 66 88<br>Mail : contact@luthier-boisson.fr<\/div>\n<div>&nbsp;<\/div>\n<div>I share the workshop with my colleague and partner Paul Trichet,  specialized in high-level restoration. For restorations, purchases and sales of antique instruments, please contact him directly at<\/div><div><br><\/div>\n<div>Phone : +33 6 44 19 46 84<br>Mail : paultrichetluthier@gmail.com<br><\/div>\n<div><span style=\"background-color: var(--nv-site-bg); color: var(--nv-text-color); font-family: var(--bodyFontFamily),var(--nv-fallback-ff); font-size: var(--bodyFontSize); font-weight: var(--bodyFontWeight); letter-spacing: var(--bodyLetterSpacing); text-transform: var(--bodyTextTransform);\"><\/span><br><\/div>\n<p><\/p>\n<p><\/p>\n<p><\/p>\t\t\t\t\t\t\t\t<\/div>\n\t\t\t\t<\/div>\n\t\t\t\t<div class=\"elementor-element elementor-element-cbac5ea elementor-widget elementor-widget-spacer\" data-id=\"cbac5ea\" data-element_type=\"widget\" data-widget_type=\"spacer.default\">\n\t\t\t\t<div class=\"elementor-widget-container\">\n\t\t\t\t\t\t\t<div class=\"elementor-spacer\">\n\t\t\t<div class=\"elementor-spacer-inner\"><\/div>\n\t\t<\/div>\n\t\t\t\t\t\t<\/div>\n\t\t\t\t<\/div>\n\t\t\t\t\t<\/div>\n\t\t<\/div>\n\t\t\t\t\t<\/div>\n\t\t<\/section>\n\t\t\t\t\t<\/div>\n\t\t<\/div>\n\t\t\t\t\t<\/div>\n\t\t<\/section>\n\t\t\t\t<\/div>","protected":false},"excerpt":{"rendered":"<p>Contact Je vous accueille sur rendez-vous du lundi au vendredi de 9 \u00e0 12h et de 14 \u00e0 18h dans mon atelier \u00e0 Lagu\u00e9pie. &nbsp; Adresse : 11 rue de la Libert\u00e9, 82250 Lagu\u00e9pieT\u00e9l : 07 83 07 66 88Mail : contact@luthier-boisson.fr &nbsp; Je partage l&rsquo;atelier avec mon confr\u00e8re et compagnon Paul Trichet, luthier du&hellip;&nbsp;<a href=\"https:\/\/luthier-boisson.fr\/en\/restauration\" class=\"\" rel=\"bookmark\">Read More &raquo;<span class=\"screen-reader-text\">Contact<\/span><\/a><\/p>","protected":false},"author":1,"featured_media":0,"parent":0,"menu_order":0,"comment_status":"closed","ping_status":"closed","template":"elementor_header_footer","meta":{"neve_meta_sidebar":"","neve_meta_container":"","neve_meta_enable_content_width":"","neve_meta_content_width":0,"neve_meta_title_alignment":"","neve_meta_author_avatar":"","neve_post_elements_order":"","neve_meta_disable_header":"","neve_meta_disable_footer":"","neve_meta_disable_title":"","footnotes":""},"class_list":["post-21","page","type-page","status-publish","hentry"],"_links":{"self":[{"href":"https:\/\/luthier-boisson.fr\/en\/wp-json\/wp\/v2\/pages\/21","targetHints":{"allow":["GET"]}}],"collection":[{"href":"https:\/\/luthier-boisson.fr\/en\/wp-json\/wp\/v2\/pages"}],"about":[{"href":"https:\/\/luthier-boisson.fr\/en\/wp-json\/wp\/v2\/types\/page"}],"author":[{"embeddable":true,"href":"https:\/\/luthier-boisson.fr\/en\/wp-json\/wp\/v2\/users\/1"}],"replies":[{"embeddable":true,"href":"https:\/\/luthier-boisson.fr\/en\/wp-json\/wp\/v2\/comments?post=21"}],"version-history":[{"count":17,"href":"https:\/\/luthier-boisson.fr\/en\/wp-json\/wp\/v2\/pages\/21\/revisions"}],"predecessor-version":[{"id":537,"href":"https:\/\/luthier-boisson.fr\/en\/wp-json\/wp\/v2\/pages\/21\/revisions\/537"}],"wp:attachment":[{"href":"https:\/\/luthier-boisson.fr\/en\/wp-json\/wp\/v2\/media?parent=21"}],"curies":[{"name":"wp","href":"https:\/\/api.w.org\/{rel}","templated":true}]}}