{"id":19,"date":"2021-09-10T13:02:27","date_gmt":"2021-09-10T13:02:27","guid":{"rendered":"https:\/\/luthier-boisson.fr\/?page_id=19"},"modified":"2024-11-02T14:01:29","modified_gmt":"2024-11-02T14:01:29","slug":"fabrication","status":"publish","type":"page","link":"https:\/\/luthier-boisson.fr\/en\/fabrication","title":{"rendered":"Atelier"},"content":{"rendered":"<div data-elementor-type=\"wp-page\" data-elementor-id=\"19\" class=\"elementor elementor-19\">\n\t\t\t\t\t\t<section class=\"elementor-section elementor-top-section elementor-element elementor-element-243f1d3 elementor-section-boxed elementor-section-height-default elementor-section-height-default\" data-id=\"243f1d3\" data-element_type=\"section\" data-settings=\"{&quot;background_background&quot;:&quot;classic&quot;}\">\n\t\t\t\t\t\t\t<div class=\"elementor-background-overlay\"><\/div>\n\t\t\t\t\t\t\t<div class=\"elementor-container elementor-column-gap-default\">\n\t\t\t\t\t<div class=\"elementor-column elementor-col-100 elementor-top-column elementor-element elementor-element-41a7ee3\" data-id=\"41a7ee3\" data-element_type=\"column\">\n\t\t\t<div class=\"elementor-widget-wrap elementor-element-populated\">\n\t\t\t\t\t\t<section class=\"elementor-section elementor-inner-section elementor-element elementor-element-0cfa3e4 elementor-section-boxed elementor-section-height-default elementor-section-height-default\" data-id=\"0cfa3e4\" data-element_type=\"section\">\n\t\t\t\t\t\t<div class=\"elementor-container elementor-column-gap-default\">\n\t\t\t\t\t<div class=\"elementor-column elementor-col-100 elementor-inner-column elementor-element elementor-element-4561aa7\" data-id=\"4561aa7\" data-element_type=\"column\">\n\t\t\t<div class=\"elementor-widget-wrap elementor-element-populated\">\n\t\t\t\t\t\t<div class=\"elementor-element elementor-element-dbb6cb2 elementor-widget elementor-widget-heading\" data-id=\"dbb6cb2\" data-element_type=\"widget\" data-widget_type=\"heading.default\">\n\t\t\t\t<div class=\"elementor-widget-container\">\n\t\t\t\t\t<h2 class=\"elementor-heading-title elementor-size-default\">Atelier<\/h2>\t\t\t\t<\/div>\n\t\t\t\t<\/div>\n\t\t\t\t<div class=\"elementor-element elementor-element-da3f99c elementor-widget elementor-widget-spacer\" data-id=\"da3f99c\" data-element_type=\"widget\" data-widget_type=\"spacer.default\">\n\t\t\t\t<div class=\"elementor-widget-container\">\n\t\t\t\t\t\t\t<div class=\"elementor-spacer\">\n\t\t\t<div class=\"elementor-spacer-inner\"><\/div>\n\t\t<\/div>\n\t\t\t\t\t\t<\/div>\n\t\t\t\t<\/div>\n\t\t\t\t<div class=\"elementor-element elementor-element-21689d2 elementor-widget elementor-widget-text-editor\" data-id=\"21689d2\" data-element_type=\"widget\" data-widget_type=\"text-editor.default\">\n\t\t\t\t<div class=\"elementor-widget-container\">\n\t\t\t\t\t\t\t\t\t<p><a name=\"__DdeLink__306_2473259864\"><\/a><a name=\"__DdeLink__309_2473259864\"><\/a> The acoustic properties of an instrument are defined by a multitude of parameters. From the choice of wood, through arch design and thicknessing, to varnish, each stage of construction has a crucial impact. Working by hand enables us to have a very fine grasp of the material, optimizing the projection and timbre of the finished instrument. Each instrument is made with carefully selected European woods and varnishes based on linseed oil and natural resins.<\/p>\n<p>Fascinated by sound, Louise puts all her expertise at the service of music. Her instruments have a powerful, rich, complex sound, enabling musicians to express their musicality in various settings,  wheather it is playing solo, quartet or orchestra<br><\/p>\t\t\t\t\t\t\t\t<\/div>\n\t\t\t\t<\/div>\n\t\t\t\t\t<\/div>\n\t\t<\/div>\n\t\t\t\t\t<\/div>\n\t\t<\/section>\n\t\t\t\t<div class=\"elementor-element elementor-element-cc32e63 elementor-arrows-position-inside elementor-pagination-position-outside elementor-widget elementor-widget-image-carousel\" data-id=\"cc32e63\" data-element_type=\"widget\" data-settings=\"{&quot;slides_to_show&quot;:&quot;3&quot;,&quot;slides_to_scroll&quot;:&quot;3&quot;,&quot;image_spacing_custom&quot;:{&quot;unit&quot;:&quot;px&quot;,&quot;size&quot;:40,&quot;sizes&quot;:[]},&quot;slides_to_show_tablet&quot;:&quot;2&quot;,&quot;slides_to_show_mobile&quot;:&quot;1&quot;,&quot;slides_to_scroll_tablet&quot;:&quot;2&quot;,&quot;navigation&quot;:&quot;both&quot;,&quot;autoplay&quot;:&quot;yes&quot;,&quot;pause_on_hover&quot;:&quot;yes&quot;,&quot;pause_on_interaction&quot;:&quot;yes&quot;,&quot;autoplay_speed&quot;:5000,&quot;infinite&quot;:&quot;yes&quot;,&quot;speed&quot;:500,&quot;image_spacing_custom_tablet&quot;:{&quot;unit&quot;:&quot;px&quot;,&quot;size&quot;:&quot;&quot;,&quot;sizes&quot;:[]}}\" data-widget_type=\"image-carousel.default\">\n\t\t\t\t<div class=\"elementor-widget-container\">\n\t\t\t\t\t\t\t<div class=\"elementor-image-carousel-wrapper swiper\" role=\"region\" aria-roledescription=\"carousel\" aria-label=\"Image Carousel\" dir=\"ltr\">\n\t\t\t<div class=\"elementor-image-carousel swiper-wrapper\" aria-live=\"off\">\n\t\t\t\t\t\t\t\t<div class=\"swiper-slide\" role=\"group\" aria-roledescription=\"slide\" aria-label=\"1 of 21\"><a data-elementor-open-lightbox=\"yes\" data-elementor-lightbox-slideshow=\"cc32e63\" data-elementor-lightbox-title=\"DSCF0179-web\" data-e-action-hash=\"#elementor-action%3Aaction%3Dlightbox%26settings%3DeyJpZCI6MzcwLCJ1cmwiOiJodHRwczpcL1wvbHV0aGllci1ib2lzc29uLmZyXC93cC1jb250ZW50XC91cGxvYWRzXC8yMDI0XC8xMFwvRFNDRjAxNzktd2ViLmpwZyIsInNsaWRlc2hvdyI6ImNjMzJlNjMifQ%3D%3D\" href=\"https:\/\/luthier-boisson.fr\/wp-content\/uploads\/2024\/10\/DSCF0179-web.jpg\"><figure class=\"swiper-slide-inner\"><img decoding=\"async\" class=\"swiper-slide-image\" src=\"https:\/\/luthier-boisson.fr\/wp-content\/uploads\/elementor\/thumbs\/DSCF0179-web-qw83famh1brwr20nnaukwe75r3te78h4jzjzg47zuo.jpg\" alt=\"DSCF0179-web\" \/><\/figure><\/a><\/div><div class=\"swiper-slide\" role=\"group\" aria-roledescription=\"slide\" aria-label=\"2 of 21\"><a data-elementor-open-lightbox=\"yes\" data-elementor-lightbox-slideshow=\"cc32e63\" data-elementor-lightbox-title=\"DSCF0056-web\" data-e-action-hash=\"#elementor-action%3Aaction%3Dlightbox%26settings%3DeyJpZCI6MzcyLCJ1cmwiOiJodHRwczpcL1wvbHV0aGllci1ib2lzc29uLmZyXC93cC1jb250ZW50XC91cGxvYWRzXC8yMDI0XC8xMFwvRFNDRjAwNTYtd2ViLmpwZyIsInNsaWRlc2hvdyI6ImNjMzJlNjMifQ%3D%3D\" href=\"https:\/\/luthier-boisson.fr\/wp-content\/uploads\/2024\/10\/DSCF0056-web.jpg\"><figure class=\"swiper-slide-inner\"><img decoding=\"async\" class=\"swiper-slide-image\" src=\"https:\/\/luthier-boisson.fr\/wp-content\/uploads\/elementor\/thumbs\/DSCF0056-web-qw83fbkb85t72nzaht97gvymchorexkuw47gxe6log.jpg\" alt=\"DSCF0056-web\" \/><\/figure><\/a><\/div><div class=\"swiper-slide\" role=\"group\" aria-roledescription=\"slide\" aria-label=\"3 of 21\"><a data-elementor-open-lightbox=\"yes\" data-elementor-lightbox-slideshow=\"cc32e63\" data-elementor-lightbox-title=\"DSCF1319-web\" data-e-action-hash=\"#elementor-action%3Aaction%3Dlightbox%26settings%3DeyJpZCI6NDk5LCJ1cmwiOiJodHRwczpcL1wvbHV0aGllci1ib2lzc29uLmZyXC93cC1jb250ZW50XC91cGxvYWRzXC8yMDI0XC8xMFwvRFNDRjEzMTktd2ViLmpwZyIsInNsaWRlc2hvdyI6ImNjMzJlNjMifQ%3D%3D\" href=\"https:\/\/luthier-boisson.fr\/wp-content\/uploads\/2024\/10\/DSCF1319-web.jpg\"><figure class=\"swiper-slide-inner\"><img decoding=\"async\" class=\"swiper-slide-image\" src=\"https:\/\/luthier-boisson.fr\/wp-content\/uploads\/elementor\/thumbs\/DSCF1319-web-qwa0apckgxwdi4jdn1f9yq2jgj4i13k2rx83jrz70g.jpg\" alt=\"DSCF1319-web\" \/><\/figure><\/a><\/div><div class=\"swiper-slide\" role=\"group\" aria-roledescription=\"slide\" aria-label=\"4 of 21\"><a data-elementor-open-lightbox=\"yes\" data-elementor-lightbox-slideshow=\"cc32e63\" data-elementor-lightbox-title=\"DSC_6277\" data-e-action-hash=\"#elementor-action%3Aaction%3Dlightbox%26settings%3DeyJpZCI6MTc5LCJ1cmwiOiJodHRwczpcL1wvbHV0aGllci1ib2lzc29uLmZyXC93cC1jb250ZW50XC91cGxvYWRzXC8yMDIxXC8wOVwvRFNDXzYyNzctc2NhbGVkLmpwZyIsInNsaWRlc2hvdyI6ImNjMzJlNjMifQ%3D%3D\" href=\"https:\/\/luthier-boisson.fr\/wp-content\/uploads\/2021\/09\/DSC_6277-scaled.jpg\"><figure class=\"swiper-slide-inner\"><img decoding=\"async\" class=\"swiper-slide-image\" src=\"https:\/\/luthier-boisson.fr\/wp-content\/uploads\/elementor\/thumbs\/DSC_6277-scaled-pdc351hqfa6avv8ghzfb2o0tyeryix5wavox6bg94w.jpg\" alt=\"Le stock de bois\" \/><\/figure><\/a><\/div><div class=\"swiper-slide\" role=\"group\" aria-roledescription=\"slide\" aria-label=\"5 of 21\"><a data-elementor-open-lightbox=\"yes\" data-elementor-lightbox-slideshow=\"cc32e63\" data-elementor-lightbox-title=\"DSCF0920-web\" data-e-action-hash=\"#elementor-action%3Aaction%3Dlightbox%26settings%3DeyJpZCI6MzQyLCJ1cmwiOiJodHRwczpcL1wvbHV0aGllci1ib2lzc29uLmZyXC93cC1jb250ZW50XC91cGxvYWRzXC8yMDI0XC8xMFwvRFNDRjA5MjAtd2ViLmpwZyIsInNsaWRlc2hvdyI6ImNjMzJlNjMifQ%3D%3D\" href=\"https:\/\/luthier-boisson.fr\/wp-content\/uploads\/2024\/10\/DSCF0920-web.jpg\"><figure class=\"swiper-slide-inner\"><img decoding=\"async\" class=\"swiper-slide-image\" src=\"https:\/\/luthier-boisson.fr\/wp-content\/uploads\/elementor\/thumbs\/DSCF0920-web-qw83eo2chax10exfb13j8jw3huwl2hzkgvwbxh5g00.jpg\" alt=\"DSCF0920-web\" \/><\/figure><\/a><\/div><div class=\"swiper-slide\" role=\"group\" aria-roledescription=\"slide\" aria-label=\"6 of 21\"><a data-elementor-open-lightbox=\"yes\" data-elementor-lightbox-slideshow=\"cc32e63\" data-elementor-lightbox-title=\"DSCF0922-web\" data-e-action-hash=\"#elementor-action%3Aaction%3Dlightbox%26settings%3DeyJpZCI6MzM4LCJ1cmwiOiJodHRwczpcL1wvbHV0aGllci1ib2lzc29uLmZyXC93cC1jb250ZW50XC91cGxvYWRzXC8yMDI0XC8xMFwvRFNDRjA5MjItd2ViLmpwZyIsInNsaWRlc2hvdyI6ImNjMzJlNjMifQ%3D%3D\" href=\"https:\/\/luthier-boisson.fr\/wp-content\/uploads\/2024\/10\/DSCF0922-web.jpg\"><figure class=\"swiper-slide-inner\"><img decoding=\"async\" class=\"swiper-slide-image\" src=\"https:\/\/luthier-boisson.fr\/wp-content\/uploads\/elementor\/thumbs\/DSCF0922-web-qw83el8twst61l1irhvnj2lpppahfeodghxvhn9mio.jpg\" alt=\"DSCF0922-web\" \/><\/figure><\/a><\/div><div class=\"swiper-slide\" role=\"group\" aria-roledescription=\"slide\" aria-label=\"7 of 21\"><a data-elementor-open-lightbox=\"yes\" data-elementor-lightbox-slideshow=\"cc32e63\" data-elementor-lightbox-title=\"DSCF0895-web\" data-e-action-hash=\"#elementor-action%3Aaction%3Dlightbox%26settings%3DeyJpZCI6MzYxLCJ1cmwiOiJodHRwczpcL1wvbHV0aGllci1ib2lzc29uLmZyXC93cC1jb250ZW50XC91cGxvYWRzXC8yMDI0XC8xMFwvRFNDRjA4OTUtd2ViLmpwZyIsInNsaWRlc2hvdyI6ImNjMzJlNjMifQ%3D%3D\" href=\"https:\/\/luthier-boisson.fr\/wp-content\/uploads\/2024\/10\/DSCF0895-web.jpg\"><figure class=\"swiper-slide-inner\"><img decoding=\"async\" class=\"swiper-slide-image\" src=\"https:\/\/luthier-boisson.fr\/wp-content\/uploads\/elementor\/thumbs\/DSCF0895-web-qw83f33rinhm66bkv7lkcg3h00ughnn9uyc3lwj58g.jpg\" alt=\"DSCF0895-web\" \/><\/figure><\/a><\/div><div class=\"swiper-slide\" role=\"group\" aria-roledescription=\"slide\" aria-label=\"8 of 21\"><a data-elementor-open-lightbox=\"yes\" data-elementor-lightbox-slideshow=\"cc32e63\" data-elementor-lightbox-title=\"DSCF0578-web\" data-e-action-hash=\"#elementor-action%3Aaction%3Dlightbox%26settings%3DeyJpZCI6MzM5LCJ1cmwiOiJodHRwczpcL1wvbHV0aGllci1ib2lzc29uLmZyXC93cC1jb250ZW50XC91cGxvYWRzXC8yMDI0XC8xMFwvRFNDRjA1Nzgtd2ViLmpwZyIsInNsaWRlc2hvdyI6ImNjMzJlNjMifQ%3D%3D\" href=\"https:\/\/luthier-boisson.fr\/wp-content\/uploads\/2024\/10\/DSCF0578-web.jpg\"><figure class=\"swiper-slide-inner\"><img decoding=\"async\" class=\"swiper-slide-image\" src=\"https:\/\/luthier-boisson.fr\/wp-content\/uploads\/elementor\/thumbs\/DSCF0578-web-qw83el8twst61l1irhvnj2lpppahfeodghxvhn9mio.jpg\" alt=\"DSCF0578-web\" \/><\/figure><\/a><\/div><div class=\"swiper-slide\" role=\"group\" aria-roledescription=\"slide\" aria-label=\"9 of 21\"><a data-elementor-open-lightbox=\"yes\" data-elementor-lightbox-slideshow=\"cc32e63\" data-elementor-lightbox-title=\"DSCF0511-web\" data-e-action-hash=\"#elementor-action%3Aaction%3Dlightbox%26settings%3DeyJpZCI6MzQ0LCJ1cmwiOiJodHRwczpcL1wvbHV0aGllci1ib2lzc29uLmZyXC93cC1jb250ZW50XC91cGxvYWRzXC8yMDI0XC8xMFwvRFNDRjA1MTEtd2ViLmpwZyIsInNsaWRlc2hvdyI6ImNjMzJlNjMifQ%3D%3D\" href=\"https:\/\/luthier-boisson.fr\/wp-content\/uploads\/2024\/10\/DSCF0511-web.jpg\"><figure class=\"swiper-slide-inner\"><img decoding=\"async\" class=\"swiper-slide-image\" src=\"https:\/\/luthier-boisson.fr\/wp-content\/uploads\/elementor\/thumbs\/DSCF0511-web-qw83epy0uyzlnmup01wsdjf0omnbhw71557aw12nnk.jpg\" alt=\"DSCF0511-web\" \/><\/figure><\/a><\/div><div class=\"swiper-slide\" role=\"group\" aria-roledescription=\"slide\" aria-label=\"10 of 21\"><a data-elementor-open-lightbox=\"yes\" data-elementor-lightbox-slideshow=\"cc32e63\" data-elementor-lightbox-title=\"1631707768516-compressed\" data-e-action-hash=\"#elementor-action%3Aaction%3Dlightbox%26settings%3DeyJpZCI6MTI5LCJ1cmwiOiJodHRwczpcL1wvbHV0aGllci1ib2lzc29uLmZyXC93cC1jb250ZW50XC91cGxvYWRzXC8yMDIxXC8wOVwvMTYzMTcwNzc2ODUxNi1jb21wcmVzc2VkLXNjYWxlZC5qcGciLCJzbGlkZXNob3ciOiJjYzMyZTYzIn0%3D\" href=\"https:\/\/luthier-boisson.fr\/wp-content\/uploads\/2021\/09\/1631707768516-compressed-scaled.jpg\"><figure class=\"swiper-slide-inner\"><img decoding=\"async\" class=\"swiper-slide-image\" src=\"https:\/\/luthier-boisson.fr\/wp-content\/uploads\/elementor\/thumbs\/1631707768516-compressed-scaled-pd5kmina0wzvxegywnn7t3wvtewevgxi89o9o99jr4.jpg\" alt=\"1631707768516-compressed\" \/><\/figure><\/a><\/div><div class=\"swiper-slide\" role=\"group\" aria-roledescription=\"slide\" aria-label=\"11 of 21\"><a data-elementor-open-lightbox=\"yes\" data-elementor-lightbox-slideshow=\"cc32e63\" data-elementor-lightbox-title=\"DSCF1108-web\" data-e-action-hash=\"#elementor-action%3Aaction%3Dlightbox%26settings%3DeyJpZCI6MzM3LCJ1cmwiOiJodHRwczpcL1wvbHV0aGllci1ib2lzc29uLmZyXC93cC1jb250ZW50XC91cGxvYWRzXC8yMDI0XC8xMFwvRFNDRjExMDgtd2ViLmpwZyIsInNsaWRlc2hvdyI6ImNjMzJlNjMifQ%3D%3D\" href=\"https:\/\/luthier-boisson.fr\/wp-content\/uploads\/2024\/10\/DSCF1108-web.jpg\"><figure class=\"swiper-slide-inner\"><img decoding=\"async\" class=\"swiper-slide-image\" src=\"https:\/\/luthier-boisson.fr\/wp-content\/uploads\/elementor\/thumbs\/DSCF1108-web-qw83ekazpyrvpz2vwzh0yku94bf47pkn4dae0db0ow.jpg\" alt=\"DSCF1108-web\" \/><\/figure><\/a><\/div><div class=\"swiper-slide\" role=\"group\" aria-roledescription=\"slide\" aria-label=\"12 of 21\"><a data-elementor-open-lightbox=\"yes\" data-elementor-lightbox-slideshow=\"cc32e63\" data-elementor-lightbox-title=\"DSCF0506-web\" data-e-action-hash=\"#elementor-action%3Aaction%3Dlightbox%26settings%3DeyJpZCI6MzQ1LCJ1cmwiOiJodHRwczpcL1wvbHV0aGllci1ib2lzc29uLmZyXC93cC1jb250ZW50XC91cGxvYWRzXC8yMDI0XC8xMFwvRFNDRjA1MDYtd2ViLmpwZyIsInNsaWRlc2hvdyI6ImNjMzJlNjMifQ%3D%3D\" href=\"https:\/\/luthier-boisson.fr\/wp-content\/uploads\/2024\/10\/DSCF0506-web.jpg\"><figure class=\"swiper-slide-inner\"><img decoding=\"async\" class=\"swiper-slide-image\" src=\"https:\/\/luthier-boisson.fr\/wp-content\/uploads\/elementor\/thumbs\/DSCF0506-web-qw83eqvv1t0vz8tbukbey16ha0ioplarh9usdb19hc.jpg\" alt=\"DSCF0506-web\" \/><\/figure><\/a><\/div><div class=\"swiper-slide\" role=\"group\" aria-roledescription=\"slide\" aria-label=\"13 of 21\"><a data-elementor-open-lightbox=\"yes\" data-elementor-lightbox-slideshow=\"cc32e63\" data-elementor-lightbox-title=\"DSCF0083-web\" data-e-action-hash=\"#elementor-action%3Aaction%3Dlightbox%26settings%3DeyJpZCI6MzQ4LCJ1cmwiOiJodHRwczpcL1wvbHV0aGllci1ib2lzc29uLmZyXC93cC1jb250ZW50XC91cGxvYWRzXC8yMDI0XC8xMFwvRFNDRjAwODMtd2ViLWUxNzMwMTI5NTE2MTcxLmpwZyIsInNsaWRlc2hvdyI6ImNjMzJlNjMifQ%3D%3D\" href=\"https:\/\/luthier-boisson.fr\/wp-content\/uploads\/2024\/10\/DSCF0083-web-e1730129516171.jpg\"><figure class=\"swiper-slide-inner\"><img decoding=\"async\" class=\"swiper-slide-image\" src=\"https:\/\/luthier-boisson.fr\/wp-content\/uploads\/elementor\/thumbs\/DSCF0083-web-e1730129516171-qw8a81tkmatrvqhwg3jd5mq291g4hy4yvexk3xbjnk.jpg\" alt=\"DSCF0083-web\" \/><\/figure><\/a><\/div><div class=\"swiper-slide\" role=\"group\" aria-roledescription=\"slide\" aria-label=\"14 of 21\"><a data-elementor-open-lightbox=\"yes\" data-elementor-lightbox-slideshow=\"cc32e63\" data-elementor-lightbox-title=\"DSCF0014-web\" data-e-action-hash=\"#elementor-action%3Aaction%3Dlightbox%26settings%3DeyJpZCI6NDA4LCJ1cmwiOiJodHRwczpcL1wvbHV0aGllci1ib2lzc29uLmZyXC93cC1jb250ZW50XC91cGxvYWRzXC8yMDI0XC8xMFwvRFNDRjAwMTQtd2ViLmpwZyIsInNsaWRlc2hvdyI6ImNjMzJlNjMifQ%3D%3D\" href=\"https:\/\/luthier-boisson.fr\/wp-content\/uploads\/2024\/10\/DSCF0014-web.jpg\"><figure class=\"swiper-slide-inner\"><img decoding=\"async\" class=\"swiper-slide-image\" src=\"https:\/\/luthier-boisson.fr\/wp-content\/uploads\/elementor\/thumbs\/DSCF0014-web-qw83g3rgx6vsqyubx5g0joug61trtuoszzs1bp0shs.jpg\" alt=\"DSCF0014-web\" \/><\/figure><\/a><\/div><div class=\"swiper-slide\" role=\"group\" aria-roledescription=\"slide\" aria-label=\"15 of 21\"><a data-elementor-open-lightbox=\"yes\" data-elementor-lightbox-slideshow=\"cc32e63\" data-elementor-lightbox-title=\"DSCF0140-web\" data-e-action-hash=\"#elementor-action%3Aaction%3Dlightbox%26settings%3DeyJpZCI6Mzk0LCJ1cmwiOiJodHRwczpcL1wvbHV0aGllci1ib2lzc29uLmZyXC93cC1jb250ZW50XC91cGxvYWRzXC8yMDI0XC8xMFwvRFNDRjAxNDAtd2ViLmpwZyIsInNsaWRlc2hvdyI6ImNjMzJlNjMifQ%3D%3D\" href=\"https:\/\/luthier-boisson.fr\/wp-content\/uploads\/2024\/10\/DSCF0140-web.jpg\"><figure class=\"swiper-slide-inner\"><img decoding=\"async\" class=\"swiper-slide-image\" src=\"https:\/\/luthier-boisson.fr\/wp-content\/uploads\/elementor\/thumbs\/DSCF0140-web-qw83fshen6gcvnapr0khprox1fdd9hg0yfy7kdhikg.jpg\" alt=\"DSCF0140-web\" \/><\/figure><\/a><\/div><div class=\"swiper-slide\" role=\"group\" aria-roledescription=\"slide\" aria-label=\"16 of 21\"><a data-elementor-open-lightbox=\"yes\" data-elementor-lightbox-slideshow=\"cc32e63\" data-elementor-lightbox-title=\"DSCF0304-web\" data-e-action-hash=\"#elementor-action%3Aaction%3Dlightbox%26settings%3DeyJpZCI6MzY0LCJ1cmwiOiJodHRwczpcL1wvbHV0aGllci1ib2lzc29uLmZyXC93cC1jb250ZW50XC91cGxvYWRzXC8yMDI0XC8xMFwvRFNDRjAzMDQtd2ViLmpwZyIsInNsaWRlc2hvdyI6ImNjMzJlNjMifQ%3D%3D\" href=\"https:\/\/luthier-boisson.fr\/wp-content\/uploads\/2024\/10\/DSCF0304-web.jpg\"><figure class=\"swiper-slide-inner\"><img decoding=\"async\" class=\"swiper-slide-image\" src=\"https:\/\/luthier-boisson.fr\/wp-content\/uploads\/elementor\/thumbs\/DSCF0304-web-qw83f5xa35lh507heqtg1xdus6gk4qygvcak1qeyps.jpg\" alt=\"DSCF0304-web\" \/><\/figure><\/a><\/div><div class=\"swiper-slide\" role=\"group\" aria-roledescription=\"slide\" aria-label=\"17 of 21\"><a data-elementor-open-lightbox=\"yes\" data-elementor-lightbox-slideshow=\"cc32e63\" data-elementor-lightbox-title=\"DSCF0346-web\" data-e-action-hash=\"#elementor-action%3Aaction%3Dlightbox%26settings%3DeyJpZCI6MzQ2LCJ1cmwiOiJodHRwczpcL1wvbHV0aGllci1ib2lzc29uLmZyXC93cC1jb250ZW50XC91cGxvYWRzXC8yMDI0XC8xMFwvRFNDRjAzNDYtd2ViLmpwZyIsInNsaWRlc2hvdyI6ImNjMzJlNjMifQ%3D%3D\" href=\"https:\/\/luthier-boisson.fr\/wp-content\/uploads\/2024\/10\/DSCF0346-web.jpg\"><figure class=\"swiper-slide-inner\"><img decoding=\"async\" class=\"swiper-slide-image\" src=\"https:\/\/luthier-boisson.fr\/wp-content\/uploads\/elementor\/thumbs\/DSCF0346-web-qw83ertp8n26auryp2q1iixxvee1xaehtei9ukzvb4.jpg\" alt=\"DSCF0346-web\" \/><\/figure><\/a><\/div><div class=\"swiper-slide\" role=\"group\" aria-roledescription=\"slide\" aria-label=\"18 of 21\"><a data-elementor-open-lightbox=\"yes\" data-elementor-lightbox-slideshow=\"cc32e63\" data-elementor-lightbox-title=\"DSCF0441-web\" data-e-action-hash=\"#elementor-action%3Aaction%3Dlightbox%26settings%3DeyJpZCI6Mzk5LCJ1cmwiOiJodHRwczpcL1wvbHV0aGllci1ib2lzc29uLmZyXC93cC1jb250ZW50XC91cGxvYWRzXC8yMDI0XC8xMFwvRFNDRjA0NDEtd2ViLmpwZyIsInNsaWRlc2hvdyI6ImNjMzJlNjMifQ%3D%3D\" href=\"https:\/\/luthier-boisson.fr\/wp-content\/uploads\/2024\/10\/DSCF0441-web.jpg\"><figure class=\"swiper-slide-inner\"><img decoding=\"async\" class=\"swiper-slide-image\" src=\"https:\/\/luthier-boisson.fr\/wp-content\/uploads\/elementor\/thumbs\/DSCF0441-web-qw83fw8reili6359526zzqqreyuu49uyayk5hhbxvk.jpg\" alt=\"DSCF0441-web\" \/><\/figure><\/a><\/div><div class=\"swiper-slide\" role=\"group\" aria-roledescription=\"slide\" aria-label=\"19 of 21\"><a data-elementor-open-lightbox=\"yes\" data-elementor-lightbox-slideshow=\"cc32e63\" data-elementor-lightbox-title=\"DSCF1164-web\" data-e-action-hash=\"#elementor-action%3Aaction%3Dlightbox%26settings%3DeyJpZCI6Mzc0LCJ1cmwiOiJodHRwczpcL1wvbHV0aGllci1ib2lzc29uLmZyXC93cC1jb250ZW50XC91cGxvYWRzXC8yMDI0XC8xMFwvRFNDRjExNjQtd2ViLmpwZyIsInNsaWRlc2hvdyI6ImNjMzJlNjMifQ%3D%3D\" href=\"https:\/\/luthier-boisson.fr\/wp-content\/uploads\/2024\/10\/DSCF1164-web.jpg\"><figure class=\"swiper-slide-inner\"><img decoding=\"async\" class=\"swiper-slide-image\" src=\"https:\/\/luthier-boisson.fr\/wp-content\/uploads\/elementor\/thumbs\/DSCF1164-web-qw83fdfzltvrpvwk6u2glvhjj9fhubsbkdifvy3tc0.jpg\" alt=\"DSCF1164-web\" \/><\/figure><\/a><\/div><div class=\"swiper-slide\" role=\"group\" aria-roledescription=\"slide\" aria-label=\"20 of 21\"><a data-elementor-open-lightbox=\"yes\" data-elementor-lightbox-slideshow=\"cc32e63\" data-elementor-lightbox-title=\"DSCF1178-web\" data-e-action-hash=\"#elementor-action%3Aaction%3Dlightbox%26settings%3DeyJpZCI6MzczLCJ1cmwiOiJodHRwczpcL1wvbHV0aGllci1ib2lzc29uLmZyXC93cC1jb250ZW50XC91cGxvYWRzXC8yMDI0XC8xMFwvRFNDRjExNzgtd2ViLmpwZyIsInNsaWRlc2hvdyI6ImNjMzJlNjMifQ%3D%3D\" href=\"https:\/\/luthier-boisson.fr\/wp-content\/uploads\/2024\/10\/DSCF1178-web.jpg\"><figure class=\"swiper-slide-inner\"><img decoding=\"async\" class=\"swiper-slide-image\" src=\"https:\/\/luthier-boisson.fr\/wp-content\/uploads\/elementor\/thumbs\/DSCF1178-web-qw83fci5ezuhe9xxcbnu1dq2xvk4mmol88uyeo57i8.jpg\" alt=\"DSCF1178-web\" \/><\/figure><\/a><\/div><div class=\"swiper-slide\" role=\"group\" aria-roledescription=\"slide\" aria-label=\"21 of 21\"><a data-elementor-open-lightbox=\"yes\" data-elementor-lightbox-slideshow=\"cc32e63\" data-elementor-lightbox-title=\"DSCF1219-web\" data-e-action-hash=\"#elementor-action%3Aaction%3Dlightbox%26settings%3DeyJpZCI6NTAyLCJ1cmwiOiJodHRwczpcL1wvbHV0aGllci1ib2lzc29uLmZyXC93cC1jb250ZW50XC91cGxvYWRzXC8yMDI0XC8xMFwvRFNDRjEyMTktd2ViLmpwZyIsInNsaWRlc2hvdyI6ImNjMzJlNjMifQ%3D%3D\" href=\"https:\/\/luthier-boisson.fr\/wp-content\/uploads\/2024\/10\/DSCF1219-web.jpg\"><figure class=\"swiper-slide-inner\"><img decoding=\"async\" class=\"swiper-slide-image\" src=\"https:\/\/luthier-boisson.fr\/wp-content\/uploads\/elementor\/thumbs\/DSCF1219-web-qwa0e7axwqospvgf7jva8uab25voojg3x8n5uusfuo.jpg\" alt=\"DSCF1219-web\" \/><\/figure><\/a><\/div>\t\t\t<\/div>\n\t\t\t\t\t\t\t\t\t\t\t\t<div class=\"elementor-swiper-button elementor-swiper-button-prev\" role=\"button\" tabindex=\"0\">\n\t\t\t\t\t\t<i aria-hidden=\"true\" class=\"eicon-chevron-left\"><\/i>\t\t\t\t\t<\/div>\n\t\t\t\t\t<div class=\"elementor-swiper-button elementor-swiper-button-next\" role=\"button\" tabindex=\"0\">\n\t\t\t\t\t\t<i aria-hidden=\"true\" class=\"eicon-chevron-right\"><\/i>\t\t\t\t\t<\/div>\n\t\t\t\t\n\t\t\t\t\t\t\t\t\t<div class=\"swiper-pagination\"><\/div>\n\t\t\t\t\t\t\t\t\t<\/div>\n\t\t\t\t\t\t<\/div>\n\t\t\t\t<\/div>\n\t\t\t\t\t<\/div>\n\t\t<\/div>\n\t\t\t\t\t<\/div>\n\t\t<\/section>\n\t\t\t\t<\/div>","protected":false},"excerpt":{"rendered":"<p>Atelier Les propri\u00e9t\u00e9s acoustiques d\u2019un instrument sont d\u00e9finies par une multitude de param\u00e8tres. Du choix du bois, en passant par la conception des vo\u00fbtes, des \u00e9paisseurs jusqu\u2019au vernis, chaque \u00e9tape de construction a un impact crucial. Le travail \u00e0 la main permet une appr\u00e9hension tr\u00e8s fine du mat\u00e9riau, la projection et le timbre de l\u2019instrument&hellip;&nbsp;<a href=\"https:\/\/luthier-boisson.fr\/en\/fabrication\" class=\"\" rel=\"bookmark\">Read More &raquo;<span class=\"screen-reader-text\">Atelier<\/span><\/a><\/p>","protected":false},"author":1,"featured_media":0,"parent":0,"menu_order":0,"comment_status":"closed","ping_status":"closed","template":"elementor_header_footer","meta":{"neve_meta_sidebar":"","neve_meta_container":"","neve_meta_enable_content_width":"","neve_meta_content_width":0,"neve_meta_title_alignment":"","neve_meta_author_avatar":"","neve_post_elements_order":"","neve_meta_disable_header":"","neve_meta_disable_footer":"","neve_meta_disable_title":"","footnotes":""},"class_list":["post-19","page","type-page","status-publish","hentry"],"_links":{"self":[{"href":"https:\/\/luthier-boisson.fr\/en\/wp-json\/wp\/v2\/pages\/19","targetHints":{"allow":["GET"]}}],"collection":[{"href":"https:\/\/luthier-boisson.fr\/en\/wp-json\/wp\/v2\/pages"}],"about":[{"href":"https:\/\/luthier-boisson.fr\/en\/wp-json\/wp\/v2\/types\/page"}],"author":[{"embeddable":true,"href":"https:\/\/luthier-boisson.fr\/en\/wp-json\/wp\/v2\/users\/1"}],"replies":[{"embeddable":true,"href":"https:\/\/luthier-boisson.fr\/en\/wp-json\/wp\/v2\/comments?post=19"}],"version-history":[{"count":101,"href":"https:\/\/luthier-boisson.fr\/en\/wp-json\/wp\/v2\/pages\/19\/revisions"}],"predecessor-version":[{"id":623,"href":"https:\/\/luthier-boisson.fr\/en\/wp-json\/wp\/v2\/pages\/19\/revisions\/623"}],"wp:attachment":[{"href":"https:\/\/luthier-boisson.fr\/en\/wp-json\/wp\/v2\/media?parent=19"}],"curies":[{"name":"wp","href":"https:\/\/api.w.org\/{rel}","templated":true}]}}